{"id":62,"date":"2012-11-23T13:20:37","date_gmt":"2012-11-23T12:20:37","guid":{"rendered":"http:\/\/virtualpres.phpnet.org\/VirtualPresenceV3\/?page_id=62"},"modified":"2023-10-10T13:23:25","modified_gmt":"2023-10-10T12:23:25","slug":"depannage-a-distance","status":"publish","type":"page","link":"https:\/\/virtual-presence.net\/VPNet.2023\/depannage-a-distance\/","title":{"rendered":"T\u00e9l\u00e9-Maintenance"},"content":{"rendered":"<h4 style=\"text-align: center;\">T\u00e9l\u00e9-maintenance pour Windows et pour Linux.<\/h4>\n<ul>\n<li>Avec le programme Support en ligne Virtual-Presence obtenez de mani\u00e8re imm\u00e9diate la t\u00e9l\u00e9-maintenance.<\/li>\n<li>La session est initialis\u00e9e par la personne qui partage son bureau : elle doit volontairement utiliser le programme pour permettre la connexion \u00e0 distance.<\/li>\n<li><a href=\"https:\/\/virtual-presence.net\/nextcloudVP23\/index.php\/login?clear=1\" target=\"_blank\" rel=\"noopener noreferrer\">Acc\u00e8s outils T\u00e9l\u00e9-Maintenance : cliquez-ici<\/a>.<\/li>\n<\/ul>\n<p style=\"text-align: center;\"><span id=\"result_box\" class=\"\" lang=\"pt\" tabindex=\"-1\"><span id=\"result_box\" class=\"\" lang=\"pt\" tabindex=\"-1\">\u00a0T\u00e9l\u00e9-Maintenance Windows :<\/span><\/span><\/p>\n<p style=\"text-align: center;\"><img loading=\"lazy\" decoding=\"async\" class=\"align center wp-image-1328 size-medium aligncenter\" title=\"Support Virtual-Presence.Net Windows\" src=\"https:\/\/virtual-presence.net\/VPNet.2023\/wp-content\/uploads\/2020\/05\/VirtualBox_Arium-10_23_05_2020_09_26_09-300x225.png\" alt=\"\" width=\"300\" height=\"225\" srcset=\"https:\/\/virtual-presence.net\/VPNet.2023\/wp-content\/uploads\/2020\/05\/VirtualBox_Arium-10_23_05_2020_09_26_09-300x225.png 300w, https:\/\/virtual-presence.net\/VPNet.2023\/wp-content\/uploads\/2020\/05\/VirtualBox_Arium-10_23_05_2020_09_26_09-768x576.png 768w, https:\/\/virtual-presence.net\/VPNet.2023\/wp-content\/uploads\/2020\/05\/VirtualBox_Arium-10_23_05_2020_09_26_09.png 1024w\" sizes=\"auto, (max-width: 300px) 100vw, 300px\" \/><\/p>\n<p style=\"text-align: center;\"><span id=\"result_box\" class=\"\" lang=\"pt\">\u00a0T\u00e9l\u00e9-Maintenance Linux :<\/span><\/p>\n<p style=\"text-align: center;\"><img loading=\"lazy\" decoding=\"async\" class=\"align center wp-image-1334 size-medium aligncenter\" title=\"Remote Control Linux\" src=\"https:\/\/virtual-presence.net\/VPNet.2023\/wp-content\/uploads\/2020\/05\/Capture-d\u2019\u00e9cran_2020-05-23_14-58-26-300x169.png\" alt=\"Remote Control Linux\" width=\"300\" height=\"169\" srcset=\"https:\/\/virtual-presence.net\/VPNet.2023\/wp-content\/uploads\/2020\/05\/Capture-d\u2019\u00e9cran_2020-05-23_14-58-26-300x169.png 300w, https:\/\/virtual-presence.net\/VPNet.2023\/wp-content\/uploads\/2020\/05\/Capture-d\u2019\u00e9cran_2020-05-23_14-58-26-1024x576.png 1024w, https:\/\/virtual-presence.net\/VPNet.2023\/wp-content\/uploads\/2020\/05\/Capture-d\u2019\u00e9cran_2020-05-23_14-58-26-768x432.png 768w, https:\/\/virtual-presence.net\/VPNet.2023\/wp-content\/uploads\/2020\/05\/Capture-d\u2019\u00e9cran_2020-05-23_14-58-26.png 1366w\" sizes=\"auto, (max-width: 300px) 100vw, 300px\" \/><\/p>\n<h5 style=\"text-align: center;\">Pour obtenir un support en t\u00e9l\u00e9-maintenance, merci de me contacter via ce formulaire :<\/h5>\n<div data-test='contact-form'\n\t\t\tid='contact-form-62'\n\t\t\tclass='jetpack-contact-form-container '\n\t\t\tdata-wp-interactive='jetpack\/form' data-wp-context='{\"formId\":\"62\",\"formHash\":\"987b71eb0fdc9d951136584c8a9d20c2518b1a26\",\"showErrors\":false,\"errors\":[],\"fields\":[],\"isMultiStep\":false,\"useAjax\":true,\"submissionData\":null,\"formattedSubmissionData\":[],\"submissionSuccess\":false,\"submissionError\":null,\"elementId\":\"jp-form-987b71eb0fdc9d951136584c8a9d20c2518b1a26\",\"isSingleInputForm\":false,\"isForcedHorizontal\":false}'\n\t\t\tdata-wp-watch--scroll-to-wrapper=\"callbacks.scrollToWrapper\"\n\t\t>\n<div class=\"contact-form-submission contact-form-ajax-submission\" data-wp-bind--aria-hidden=\"state.isSuccessMessageAriaHidden\" data-wp-class--submission-success=\"context.submissionSuccess\" id=\"contact-form-success-987b71eb0fdc9d951136584c8a9d20c2518b1a26\" tabindex=\"-1\" aria-labelledby=\"contact-form-success-header-987b71eb0fdc9d951136584c8a9d20c2518b1a26\"><p class=\"go-back-message\"><a class=\"link\" role=\"button\" tabindex=\"0\" data-wp-on--click=\"actions.goBack\" href=\"\/VPNet.2023\/wp-json\/wp\/v2\/pages\/62\">\u2190 Retour<\/a><\/p><h4 data-wp-bind--aria-hidden=\"state.isSuccessMessageAriaHidden\" id=\"contact-form-success-header-987b71eb0fdc9d951136584c8a9d20c2518b1a26\">Merci pour votre r\u00e9ponse. \u2728<\/h4>\n\n<template data-wp-each--submission=\"context.formattedSubmissionData\">\n\t\t\t\t\t<div class=\"jetpack_forms_contact-form-success-summary\">\n\t\t\t\t\t\t<div class=\"field-name-wrapper\">\n\t\t\t\t\t\t\t<div class=\"field-type-icon\" data-wp-watch=\"callbacks.watchFieldTypeIcon\"><\/div>\n\t\t\t\t\t\t\t<div class=\"field-name\" data-wp-text=\"context.submission.label\" data-wp-bind--hidden=\"!context.submission.label\"><\/div>\n\t\t\t\t\t\t<\/div>\n\t\t\t\t\t\t<div class=\"field-value\" data-wp-text=\"context.submission.value\" data-wp-bind--hidden=\"!context.submission.showPlainValue\"><\/div>\n\t\t\t\t\t\t<a class=\"field-url\" data-wp-bind--href=\"context.submission.url\" data-wp-text=\"context.submission.value\" data-wp-bind--hidden=\"!context.submission.url\" target=\"_blank\" rel=\"noopener noreferrer\"><\/a>\n\t\t\t\t\t\t<div class=\"field-rating\" data-wp-bind--hidden=\"!context.submission.rating\" data-wp-watch=\"callbacks.watchRatingIcons\"><\/div>\n\t\t\t\t\t\t<div class=\"field-images\" data-wp-bind--hidden=\"!context.submission.images\">\n\t\t\t\t\t\t\t<template data-wp-each--image=\"context.submission.images\">\n\t\t\t\t\t\t\t\t<div class=\"field-image-option\" data-wp-class--is-empty=\"!context.image.src\">\n\t\t\t\t\t\t\t\t\t<figure class=\"field-image-option__image\" data-wp-class--is-empty=\"!context.image.src\">\n\t\t\t\t\t\t\t\t\t\t<img data-wp-bind--src=\"context.image.src\" data-wp-bind--hidden=\"!context.image.src\" \/>\n\t\t\t\t\t\t\t\t\t\t<img decoding=\"async\" src=\"data:image\/gif;base64,R0lGODlhAQABAAD\/ACwAAAAAAQABAAACADs=\" data-wp-bind--hidden=\"context.image.src\" \/>\n\t\t\t\t\t\t\t\t\t<\/figure>\n\t\t\t\t\t\t\t\t\t<div class=\"field-image-option__label-wrapper\">\n\t\t\t\t\t\t\t\t\t\t<span class=\"field-image-option__label-code\" data-wp-text=\"context.image.letterCode\"><\/span>\n\t\t\t\t\t\t\t\t\t\t<span class=\"field-image-option__label\" data-wp-text=\"context.image.label\" data-wp-bind--hidden=\"!context.image.label\"><\/span>\n\t\t\t\t\t\t\t\t\t<\/div>\n\t\t\t\t\t\t\t\t<\/div>\n\t\t\t\t\t\t\t<\/template>\n\t\t\t\t\t\t<\/div>\n\t\t\t\t\t\t<div class=\"field-files\" data-wp-bind--hidden=\"!context.submission.files\">\n\t\t\t\t\t\t\t<template data-wp-each--file=\"context.submission.files\">\n\t\t\t\t\t\t\t\t<div class=\"field-file\">\n\t\t\t\t\t\t\t\t\t<div class=\"field-file__thumbnail\" data-wp-style--background-image=\"context.file.previewUrl\" data-wp-style--mask-image=\"context.file.iconUrl\" data-wp-bind--hidden=\"!context.file.hasPreview\"><\/div>\n\t\t\t\t\t\t\t\t\t<svg class=\"field-file__icon\" data-wp-bind--hidden=\"context.file.hasPreview\" width=\"20\" height=\"20\" viewBox=\"0 0 24 24\" fill=\"none\" xmlns=\"http:\/\/www.w3.org\/2000\/svg\" aria-hidden=\"true\">\n\t\t\t\t\t\t\t\t\t\t<path d=\"M14 2H6C4.9 2 4 2.9 4 4V20C4 21.1 4.89 22 5.99 22H18C19.1 22 20 21.1 20 20V8L14 2ZM18 20H6V4H13V9H18V20Z\" fill=\"currentColor\"\/>\n\t\t\t\t\t\t\t\t\t<\/svg>\n\t\t\t\t\t\t\t\t\t<span class=\"field-file__name\" data-wp-text=\"context.file.name\"><\/span>\n\t\t\t\t\t\t\t\t\t<span class=\"field-file__size\" data-wp-text=\"context.file.size\"><\/span>\n\t\t\t\t\t\t\t\t<\/div>\n\t\t\t\t\t\t\t<\/template>\n\t\t\t\t\t\t<\/div>\n\t\t\t\t\t<\/div>\n\t\t\t\t<\/template><\/div><form action='https:\/\/virtual-presence.net\/VPNet.2023\/depannage-a-distance\/'\n\t\t\t\tid='jp-form-987b71eb0fdc9d951136584c8a9d20c2518b1a26'\n\t\t\t\tmethod='post'\n\t\t\t\tclass='contact-form commentsblock jetpack-contact-form__form has-no-jetpack-form-layout' aria-label=\"T\u00e9l\u00e9-Maintenance\"\n\t\t\t\tdata-wp-on--submit=\"actions.onFormSubmit\"\n\t\t\t\tdata-wp-on--reset=\"actions.onFormReset\"\n\t\t\t\tdata-wp-class--submission-success=\"context.submissionSuccess\"\n\t\t\t\tdata-wp-class--is-first-step=\"state.isFirstStep\"\n\t\t\t\tdata-wp-class--is-last-step=\"state.isLastStep\"\n\t\t\t\tdata-wp-class--is-ajax-form=\"context.useAjax\"\n\t\t\t\tnovalidate >\n<input type='hidden' name='jetpack_contact_form_jwt' value='eyJ0eXAiOiJKV1QiLCJhbGciOiJIUzI1NiJ9.eyJlbmNyeXB0ZWRfYXR0cmlidXRlcyI6IlY0Q1ZTSS9STmtheklBNEpZVHh4aDVDZWMzZW1QRUQ3ZzA2OU91SjhuQzdKMlVQQmROU2tWdjkyR0RjeENPSmxVVlpTamgyOHhiUmM5b3hKNU5MbWdDT05lSEJweDFRVWs0MVVPeVZQZ1ZEaDRjWTRnajV6WTljWFNFS1VhemhuR2J4aGt4eWg5WFExZFRaNGdkdTRTWVRKdVY2bWdxcDJXeVc2alhpZVFkc09ZZXkxQUZrazQ1M3hsMVhDZ0ZibnZOK3ZwM0p5NkIwUnNDcWN1eC9rcytwUW1SRGNUcHcyQ2tGU1BYN2hRU08xQjFYRFQrOGs5ZDRjZU15dWxKKzE4NS9rdWpib1FPeWtoenJQeUpwMnZvREtNWGpKajdncmtPSHRSRUg2eUlyTFFTQjFtTVIvM2x2bGNvV3RGbGhEbDhERnk3Z09PVm1uNkpqV1AxcDJDaktrbUgvaUVkZWNlUUhoSU5FUWxmNm1WTkVlSFRsNXNVVis3aWhjblFneVJ4SjVOQkE5MW1mVDJmWHVEN05qQ1VkaVg5ajhrRmdDRWpSR2tJaUZ0OEJ4bng3VGNBcHN5RjROazVSV3JnNFE3dXFrRzl1QzU0YURrNnhWbzA0Ty9oTDNCSENHUitRcHNvRXI1R2JhVEhwaVlJcElkR1NZSFZlYkpBNS9QU0hhcGlsbDJTQUUzdDZnWXpYRmpRWGRZNkduZTUxTy9OSllnTXcrbXMwMkNhY2RtamRMQitVdHl1YTBoNnljeHlLWFNndVZlb0FZY0c0SE8xdzIxUjFCSnF2NUpkekdnTEgvYkFiUC9JSHVYaFhHSGlnd0pWbnFtdGIwSnpFTTVHcTFaMW9NYWtxQzN5NzR2ck9qN3ozeDlDYVhXL0ZpUkJQVk9yT1k5Q00vSnV4cFkxTHByZC92SEtYVGdudTJiNnNrKzRyMnNrYTV4RkIzN05VZms3L0o3R1pjNld3Z2huRGtabkJzeUhuWjFZS1hFUlQwb01sTUJXZHRVck1UNGlKcVFReHlEU1lNYTRCbThQMTFNMCt6VXdXQlE3TExEWGhYKy8wbDFUWmU1eHFtVjVrSGV6L0pUQlRTTlAvL1dtbHdyMVp3OWdEdys5aFNtRGJ3ZFdnM2FmTXhtS2hzYXQvRW9kWGkzNVFYMzQraGNDQzErWnI3NkxtZ1g4ZDY5bmt1aHI0QThtcGZpN3BqTjBNNG9MWjJJSFF1YjZrOTRvT3hDQmRUVXdRVERxeHJINGFyTXNucThuST0iLCJjb250ZW50IjoiW2NvbnRhY3QtZmllbGQgbGFiZWw9XCJOb21cIiB0eXBlPVwibmFtZVwiICByZXF1aXJlZD1cInRydWVcIiAvXVtjb250YWN0LWZpZWxkIGxhYmVsPVwiRS1tYWlsXCIgdHlwZT1cImVtYWlsXCIgcmVxdWlyZWQ9XCJ0cnVlXCIgL11bY29udGFjdC1maWVsZCBsYWJlbD1cIlNpdGUgd2ViXCIgdHlwZT1cInVybFwiIC9dW2NvbnRhY3QtZmllbGQgbGFiZWw9XCJNZXNzYWdlXCIgdHlwZT1cInRleHQgYXJlYVwiIC9dIiwiaGFzaCI6Ijk4N2I3MWViMGZkYzlkOTUxMTM2NTg0YzhhOWQyMGMyNTE4YjFhMjYiLCJzb3VyY2UiOnsiZW50cnlfdGl0bGUiOiJUXHUwMGU5bFx1MDBlOS1NYWludGVuYW5jZSIsImVudHJ5X3BhZ2UiOjEsInNvdXJjZV9pZCI6NjIsInNvdXJjZV90eXBlIjoic2luZ2xlIiwicmVxdWVzdF91cmwiOiJodHRwczovL3ZpcnR1YWwtcHJlc2VuY2UubmV0L1ZQTmV0LjIwMjMvd3AtanNvbi93cC92Mi9wYWdlcy82MiJ9LCJ2ZXJzaW9uIjoyLCJjaXBoZXIiOiJhZXMtMjU2LWdjbSJ9.NOr3-aASLCuYxZn-gFKX23Pmte-93VqfUpwIEsoz0u8' \/>\n\n<div style=\"\"  data-wp-interactive=\"jetpack\/form\" data-wp-context='{\"fieldId\":\"g62-nom\",\"fieldType\":\"name\",\"fieldLabel\":\"Nom\",\"fieldValue\":\"\",\"fieldPlaceholder\":\"\",\"fieldIsRequired\":\"1\",\"fieldErrorMessage\":\"\",\"fieldExtra\":[],\"formHash\":\"987b71eb0fdc9d951136584c8a9d20c2518b1a26\"}'  class='grunion-field-name-wrap grunion-field-wrap'  data-wp-init='callbacks.initializeField' data-wp-on--jetpack-form-reset='callbacks.initializeField' >\n<label\n\t\t\t\tfor='g62-nom' class=\"grunion-field-label name\" >Nom<span class=\"grunion-label-required\" aria-hidden=\"true\">(obligatoire)<\/span><\/label>\n<input\n\t\t\t\t\ttype='text'\n\t\t\t\t\tname='g62-nom'\n\t\t\t\t\tid='g62-nom'\n\t\t\t\t\tvalue=''\n\n\t\t\t\t\tdata-wp-bind--aria-invalid='state.fieldAriaInvalid'\n\t\t\t\t\tdata-wp-bind--value='state.getFieldValue'\n\t\t\t\t\taria-describedby='g62-nom-text-error-message'\n\t\t\t\t\tdata-wp-on--input='actions.onFieldChange'\n\t\t\t\t\tdata-wp-on--blur='actions.onFieldBlur'\n\t\t\t\t\tdata-wp-class--has-value='state.hasFieldValue'\n\n\t\t\t\t\tclass='name  grunion-field' \n\t\t\t\t\trequired='true' aria-required='true'  \/>\n \n\t\t\t<div id=\"g62-nom-text-error\" class=\"contact-form__input-error\" data-wp-class--has-errors=\"state.fieldHasErrors\">\n\t\t\t\t<span class=\"contact-form__warning-icon\" aria-hidden=\"true\">\n\t\t\t\t\t<svg width=\"16\" height=\"16\" viewBox=\"0 0 16 16\" fill=\"none\" xmlns=\"http:\/\/www.w3.org\/2000\/svg\">\n\t\t\t\t\t\t<path d=\"M8.50015 11.6402H7.50015V10.6402H8.50015V11.6402Z\" \/>\n\t\t\t\t\t\t<path d=\"M7.50015 9.64018H8.50015V6.30684H7.50015V9.64018Z\" \/>\n\t\t\t\t\t\t<path fill-rule=\"evenodd\" clip-rule=\"evenodd\" d=\"M6.98331 3.0947C7.42933 2.30177 8.57096 2.30177 9.01698 3.09469L13.8771 11.7349C14.3145 12.5126 13.7525 13.4735 12.8602 13.4735H3.14004C2.24774 13.4735 1.68575 12.5126 2.12321 11.7349L6.98331 3.0947ZM8.14541 3.58496C8.08169 3.47168 7.9186 3.47168 7.85488 3.58496L2.99478 12.2251C2.93229 12.3362 3.01257 12.4735 3.14004 12.4735H12.8602C12.9877 12.4735 13.068 12.3362 13.0055 12.2251L8.14541 3.58496Z\" \/>\n\t\t\t\t\t<\/svg>\n\t\t\t\t<\/span>\n\t\t\t\t<span data-wp-text=\"state.errorMessage\" id=\"g62-nom-text-error-message\"><\/span>\n\t\t\t<\/div> \n\t<\/div>\n\n<div style=\"\"  data-wp-interactive=\"jetpack\/form\" data-wp-context='{\"fieldId\":\"g62-email\",\"fieldType\":\"email\",\"fieldLabel\":\"E-mail\",\"fieldValue\":\"\",\"fieldPlaceholder\":\"\",\"fieldIsRequired\":\"1\",\"fieldErrorMessage\":\"\",\"fieldExtra\":[],\"formHash\":\"987b71eb0fdc9d951136584c8a9d20c2518b1a26\"}'  class='grunion-field-email-wrap grunion-field-wrap'  data-wp-init='callbacks.initializeField' data-wp-on--jetpack-form-reset='callbacks.initializeField' >\n<label\n\t\t\t\tfor='g62-email' class=\"grunion-field-label email\" >E-mail<span class=\"grunion-label-required\" aria-hidden=\"true\">(obligatoire)<\/span><\/label>\n<input\n\t\t\t\t\ttype='email'\n\t\t\t\t\tname='g62-email'\n\t\t\t\t\tid='g62-email'\n\t\t\t\t\tvalue=''\n\n\t\t\t\t\tdata-wp-bind--aria-invalid='state.fieldAriaInvalid'\n\t\t\t\t\tdata-wp-bind--value='state.getFieldValue'\n\t\t\t\t\taria-describedby='g62-email-email-error-message'\n\t\t\t\t\tdata-wp-on--input='actions.onFieldChange'\n\t\t\t\t\tdata-wp-on--blur='actions.onFieldBlur'\n\t\t\t\t\tdata-wp-class--has-value='state.hasFieldValue'\n\n\t\t\t\t\tclass='email  grunion-field' \n\t\t\t\t\trequired='true' aria-required='true'  \/>\n \n\t\t\t<div id=\"g62-email-email-error\" class=\"contact-form__input-error\" data-wp-class--has-errors=\"state.fieldHasErrors\">\n\t\t\t\t<span class=\"contact-form__warning-icon\" aria-hidden=\"true\">\n\t\t\t\t\t<svg width=\"16\" height=\"16\" viewBox=\"0 0 16 16\" fill=\"none\" xmlns=\"http:\/\/www.w3.org\/2000\/svg\">\n\t\t\t\t\t\t<path d=\"M8.50015 11.6402H7.50015V10.6402H8.50015V11.6402Z\" \/>\n\t\t\t\t\t\t<path d=\"M7.50015 9.64018H8.50015V6.30684H7.50015V9.64018Z\" \/>\n\t\t\t\t\t\t<path fill-rule=\"evenodd\" clip-rule=\"evenodd\" d=\"M6.98331 3.0947C7.42933 2.30177 8.57096 2.30177 9.01698 3.09469L13.8771 11.7349C14.3145 12.5126 13.7525 13.4735 12.8602 13.4735H3.14004C2.24774 13.4735 1.68575 12.5126 2.12321 11.7349L6.98331 3.0947ZM8.14541 3.58496C8.08169 3.47168 7.9186 3.47168 7.85488 3.58496L2.99478 12.2251C2.93229 12.3362 3.01257 12.4735 3.14004 12.4735H12.8602C12.9877 12.4735 13.068 12.3362 13.0055 12.2251L8.14541 3.58496Z\" \/>\n\t\t\t\t\t<\/svg>\n\t\t\t\t<\/span>\n\t\t\t\t<span data-wp-text=\"state.errorMessage\" id=\"g62-email-email-error-message\"><\/span>\n\t\t\t<\/div> \n\t<\/div>\n\n<div style=\"\"  data-wp-interactive=\"jetpack\/form\" data-wp-context='{\"fieldId\":\"g62-siteweb\",\"fieldType\":\"url\",\"fieldLabel\":\"Site web\",\"fieldValue\":\"\",\"fieldPlaceholder\":\"\",\"fieldIsRequired\":\"\",\"fieldErrorMessage\":\"\",\"fieldExtra\":[],\"formHash\":\"987b71eb0fdc9d951136584c8a9d20c2518b1a26\"}'  class='grunion-field-url-wrap grunion-field-wrap'  data-wp-init='callbacks.initializeField' data-wp-on--jetpack-form-reset='callbacks.initializeField' >\n<label\n\t\t\t\tfor='g62-siteweb' class=\"grunion-field-label url\" >Site web<\/label>\n<input\n\t\t\t\t\ttype='text'\n\t\t\t\t\tname='g62-siteweb'\n\t\t\t\t\tid='g62-siteweb'\n\t\t\t\t\tvalue=''\n\n\t\t\t\t\tdata-wp-bind--aria-invalid='state.fieldAriaInvalid'\n\t\t\t\t\tdata-wp-bind--value='state.getFieldValue'\n\t\t\t\t\taria-describedby='g62-siteweb-text-error-message'\n\t\t\t\t\tdata-wp-on--input='actions.onFieldChange'\n\t\t\t\t\tdata-wp-on--blur='actions.onFieldBlur'\n\t\t\t\t\tdata-wp-class--has-value='state.hasFieldValue'\n\n\t\t\t\t\tclass='url  grunion-field' \n\t\t\t\t\t \/>\n \n\t\t\t<div id=\"g62-siteweb-text-error\" class=\"contact-form__input-error\" data-wp-class--has-errors=\"state.fieldHasErrors\">\n\t\t\t\t<span class=\"contact-form__warning-icon\" aria-hidden=\"true\">\n\t\t\t\t\t<svg width=\"16\" height=\"16\" viewBox=\"0 0 16 16\" fill=\"none\" xmlns=\"http:\/\/www.w3.org\/2000\/svg\">\n\t\t\t\t\t\t<path d=\"M8.50015 11.6402H7.50015V10.6402H8.50015V11.6402Z\" \/>\n\t\t\t\t\t\t<path d=\"M7.50015 9.64018H8.50015V6.30684H7.50015V9.64018Z\" \/>\n\t\t\t\t\t\t<path fill-rule=\"evenodd\" clip-rule=\"evenodd\" d=\"M6.98331 3.0947C7.42933 2.30177 8.57096 2.30177 9.01698 3.09469L13.8771 11.7349C14.3145 12.5126 13.7525 13.4735 12.8602 13.4735H3.14004C2.24774 13.4735 1.68575 12.5126 2.12321 11.7349L6.98331 3.0947ZM8.14541 3.58496C8.08169 3.47168 7.9186 3.47168 7.85488 3.58496L2.99478 12.2251C2.93229 12.3362 3.01257 12.4735 3.14004 12.4735H12.8602C12.9877 12.4735 13.068 12.3362 13.0055 12.2251L8.14541 3.58496Z\" \/>\n\t\t\t\t\t<\/svg>\n\t\t\t\t<\/span>\n\t\t\t\t<span data-wp-text=\"state.errorMessage\" id=\"g62-siteweb-text-error-message\"><\/span>\n\t\t\t<\/div> \n\t<\/div>\n\n<div style=\"\"  data-wp-interactive=\"jetpack\/form\" data-wp-context='{\"fieldId\":\"g62-message\",\"fieldType\":\"text area\",\"fieldLabel\":\"Message\",\"fieldValue\":\"\",\"fieldPlaceholder\":\"\",\"fieldIsRequired\":\"\",\"fieldErrorMessage\":\"\",\"fieldExtra\":[],\"formHash\":\"987b71eb0fdc9d951136584c8a9d20c2518b1a26\"}'  class='grunion-field-text area-wrap grunion-field-wrap'  data-wp-init='callbacks.initializeField' data-wp-on--jetpack-form-reset='callbacks.initializeField' >\n<label\n\t\t\t\tfor='g62-message' class=\"grunion-field-label text area\" >Message<\/label>\n<input\n\t\t\t\t\ttype='text'\n\t\t\t\t\tname='g62-message'\n\t\t\t\t\tid='g62-message'\n\t\t\t\t\tvalue=''\n\n\t\t\t\t\tdata-wp-bind--aria-invalid='state.fieldAriaInvalid'\n\t\t\t\t\tdata-wp-bind--value='state.getFieldValue'\n\t\t\t\t\taria-describedby='g62-message-text-error-message'\n\t\t\t\t\tdata-wp-on--input='actions.onFieldChange'\n\t\t\t\t\tdata-wp-on--blur='actions.onFieldBlur'\n\t\t\t\t\tdata-wp-class--has-value='state.hasFieldValue'\n\n\t\t\t\t\tclass='text area  grunion-field' \n\t\t\t\t\t \/>\n \n\t\t\t<div id=\"g62-message-text-error\" class=\"contact-form__input-error\" data-wp-class--has-errors=\"state.fieldHasErrors\">\n\t\t\t\t<span class=\"contact-form__warning-icon\" aria-hidden=\"true\">\n\t\t\t\t\t<svg width=\"16\" height=\"16\" viewBox=\"0 0 16 16\" fill=\"none\" xmlns=\"http:\/\/www.w3.org\/2000\/svg\">\n\t\t\t\t\t\t<path d=\"M8.50015 11.6402H7.50015V10.6402H8.50015V11.6402Z\" \/>\n\t\t\t\t\t\t<path d=\"M7.50015 9.64018H8.50015V6.30684H7.50015V9.64018Z\" \/>\n\t\t\t\t\t\t<path fill-rule=\"evenodd\" clip-rule=\"evenodd\" d=\"M6.98331 3.0947C7.42933 2.30177 8.57096 2.30177 9.01698 3.09469L13.8771 11.7349C14.3145 12.5126 13.7525 13.4735 12.8602 13.4735H3.14004C2.24774 13.4735 1.68575 12.5126 2.12321 11.7349L6.98331 3.0947ZM8.14541 3.58496C8.08169 3.47168 7.9186 3.47168 7.85488 3.58496L2.99478 12.2251C2.93229 12.3362 3.01257 12.4735 3.14004 12.4735H12.8602C12.9877 12.4735 13.068 12.3362 13.0055 12.2251L8.14541 3.58496Z\" \/>\n\t\t\t\t\t<\/svg>\n\t\t\t\t<\/span>\n\t\t\t\t<span data-wp-text=\"state.errorMessage\" id=\"g62-message-text-error-message\"><\/span>\n\t\t\t<\/div> \n\t<\/div>\n\t<p class='contact-submit'>\n<div class=\"contact-form__error\" data-wp-class--show-errors=\"state.showFormErrors\"><span class=\"contact-form__warning-icon\" aria-hidden=\"true\"><i><\/i><\/span><span class=\"contact-form__error-message\" tabindex=\"-1\" data-wp-watch=\"callbacks.focusOnValidationError\" data-wp-text=\"state.getFormErrorMessage\"><\/span><ul aria-label=\"Erreurs de formulaire\">\n\t\t\t\t<template data-wp-each=\"state.getErrorList\" data-wp-key=\"context.item.id\">\n\t\t\t\t\t<li><a data-wp-bind--href=\"context.item.anchor\" data-wp-on--click=\"actions.scrollIntoView\" data-wp-text=\"context.item.label\"><\/a><\/li>\n\t\t\t\t<\/template>\n\t\t\t\t<\/ul><\/div><div class=\"contact-form__error\" data-wp-class--show-errors=\"state.showSubmissionError\" data-wp-text=\"context.submissionError\" tabindex=\"-1\" data-wp-watch=\"callbacks.focusOnSubmissionError\"><\/div>\t\t<button type='submit' class='pushbutton-wide'>Envoyer<\/button>\t\t<input type='hidden' name='contact-form-id' value='62' \/>\n\t\t<input type='hidden' name='action' value='grunion-contact-form' \/>\n\t\t<input type='hidden' name='contact-form-hash' value='987b71eb0fdc9d951136584c8a9d20c2518b1a26' \/>\n\t<\/p>\n<p style=\"display: none !important;\" class=\"akismet-fields-container\" data-prefix=\"ak_\"><label>&#916;<textarea name=\"ak_hp_textarea\" cols=\"45\" rows=\"8\" maxlength=\"100\"><\/textarea><\/label><input type=\"hidden\" id=\"ak_js_1\" name=\"ak_js\" value=\"189\"\/><script type=\"text\/javascript\">\n\/* <![CDATA[ *\/\ndocument.getElementById( \"ak_js_1\" ).setAttribute( \"value\", ( new Date() ).getTime() );\n\/* ]]> *\/\n<\/script>\n<\/p><\/form>\n<\/div>\n","protected":false},"excerpt":{"rendered":"<p>T\u00e9l\u00e9-maintenance pour Windows et pour Linux. Avec le programme Support en ligne Virtual-Presence obtenez de mani\u00e8re imm\u00e9diate la t\u00e9l\u00e9-maintenance. La session est initialis\u00e9e par la personne qui partage son bureau : elle doit volontairement utiliser le programme pour permettre la connexion \u00e0 distance. Acc\u00e8s outils T\u00e9l\u00e9-Maintenance : cliquez-ici. \u00a0T\u00e9l\u00e9-Maintenance Windows : \u00a0T\u00e9l\u00e9-Maintenance Linux : Pour [&hellip;]<\/p>\n","protected":false},"author":1,"featured_media":0,"parent":0,"menu_order":0,"comment_status":"closed","ping_status":"open","template":"","meta":{"footnotes":""},"class_list":["post-62","page","type-page","status-publish","hentry"],"jetpack_sharing_enabled":true,"_links":{"self":[{"href":"https:\/\/virtual-presence.net\/VPNet.2023\/wp-json\/wp\/v2\/pages\/62","targetHints":{"allow":["GET"]}}],"collection":[{"href":"https:\/\/virtual-presence.net\/VPNet.2023\/wp-json\/wp\/v2\/pages"}],"about":[{"href":"https:\/\/virtual-presence.net\/VPNet.2023\/wp-json\/wp\/v2\/types\/page"}],"author":[{"embeddable":true,"href":"https:\/\/virtual-presence.net\/VPNet.2023\/wp-json\/wp\/v2\/users\/1"}],"replies":[{"embeddable":true,"href":"https:\/\/virtual-presence.net\/VPNet.2023\/wp-json\/wp\/v2\/comments?post=62"}],"version-history":[{"count":40,"href":"https:\/\/virtual-presence.net\/VPNet.2023\/wp-json\/wp\/v2\/pages\/62\/revisions"}],"predecessor-version":[{"id":1987,"href":"https:\/\/virtual-presence.net\/VPNet.2023\/wp-json\/wp\/v2\/pages\/62\/revisions\/1987"}],"wp:attachment":[{"href":"https:\/\/virtual-presence.net\/VPNet.2023\/wp-json\/wp\/v2\/media?parent=62"}],"curies":[{"name":"wp","href":"https:\/\/api.w.org\/{rel}","templated":true}]}}