{"id":47,"date":"2014-11-17T06:20:45","date_gmt":"2014-11-17T05:20:45","guid":{"rendered":"http:\/\/virtualpres.phpnet.org\/VirtualPresenceV3\/?page_id=47"},"modified":"2023-10-13T12:28:35","modified_gmt":"2023-10-13T11:28:35","slug":"web-3-0","status":"publish","type":"page","link":"https:\/\/virtual-presence.net\/VPNet.2023\/web-3-0\/","title":{"rendered":"D\u00e9veloppement \/ Int\u00e9gration WEB"},"content":{"rendered":"<p style=\"text-align: center;\"><img loading=\"lazy\" decoding=\"async\" class=\"wp-image-206 aligncenter\" src=\"https:\/\/virtual-presence.net\/VPNet.2023\/wp-content\/uploads\/2014\/11\/1-2-300x109.png\" alt=\"1\" width=\"358\" height=\"130\" srcset=\"https:\/\/virtual-presence.net\/VPNet.2023\/wp-content\/uploads\/2014\/11\/1-2-300x109.png 300w, https:\/\/virtual-presence.net\/VPNet.2023\/wp-content\/uploads\/2014\/11\/1-2-768x279.png 768w, https:\/\/virtual-presence.net\/VPNet.2023\/wp-content\/uploads\/2014\/11\/1-2.png 896w\" sizes=\"auto, (max-width: 358px) 100vw, 358px\" \/><\/p>\n<h5 style=\"text-align: center;\">Bases de donn\u00e9es inter-connect\u00e9es, syst\u00e8mes mobiles, <a href=\"https:\/\/virtual-presence.net\/VPNet.2023\/\">site \u00ab\u00a0Responsive\u00a0\u00bb<\/a>, <a href=\"https:\/\/virtual-presence.net\/VPNet.2023\/boutique-en-ligne\/\">boutique en ligne<\/a>, <a href=\"https:\/\/virtual-presence.net\/VPNet.2023\/services-cloud\/\">Cloud<\/a> , etc &#8230;<\/h5>\n<div id=\"attachment_2063\" style=\"width: 222px\" class=\"wp-caption aligncenter\"><a href=\"https:\/\/virtual-presence.net\/VPNet.2023\/wp-content\/uploads\/2023\/10\/Flyer-Dev-Hosting-2020-Portugais.jpg\" target=\"_blank\" rel=\"noopener\"><img loading=\"lazy\" decoding=\"async\" aria-describedby=\"caption-attachment-2063\" class=\"wp-image-2063 size-medium\" src=\"https:\/\/virtual-presence.net\/VPNet.2023\/wp-content\/uploads\/2023\/10\/Flyer-Dev-Hosting-2020-Portugais-212x300.jpg\" alt=\"PT\" width=\"212\" height=\"300\" srcset=\"https:\/\/virtual-presence.net\/VPNet.2023\/wp-content\/uploads\/2023\/10\/Flyer-Dev-Hosting-2020-Portugais-212x300.jpg 212w, https:\/\/virtual-presence.net\/VPNet.2023\/wp-content\/uploads\/2023\/10\/Flyer-Dev-Hosting-2020-Portugais-724x1024.jpg 724w, https:\/\/virtual-presence.net\/VPNet.2023\/wp-content\/uploads\/2023\/10\/Flyer-Dev-Hosting-2020-Portugais-768x1087.jpg 768w, https:\/\/virtual-presence.net\/VPNet.2023\/wp-content\/uploads\/2023\/10\/Flyer-Dev-Hosting-2020-Portugais.jpg 843w\" sizes=\"auto, (max-width: 212px) 100vw, 212px\" \/><\/a><p id=\"caption-attachment-2063\" class=\"wp-caption-text\">PT<\/p><\/div>\n<div id=\"attachment_2061\" style=\"width: 222px\" class=\"wp-caption aligncenter\"><a href=\"https:\/\/virtual-presence.net\/VPNet.2023\/wp-content\/uploads\/2023\/10\/Flyer-Dev-Hosting-2020-Francais.jpg\" target=\"_blank\" rel=\"noopener\"><img loading=\"lazy\" decoding=\"async\" aria-describedby=\"caption-attachment-2061\" class=\"wp-image-2061 size-medium\" src=\"https:\/\/virtual-presence.net\/VPNet.2023\/wp-content\/uploads\/2023\/10\/Flyer-Dev-Hosting-2020-Francais-212x300.jpg\" alt=\"FR\" width=\"212\" height=\"300\" srcset=\"https:\/\/virtual-presence.net\/VPNet.2023\/wp-content\/uploads\/2023\/10\/Flyer-Dev-Hosting-2020-Francais-212x300.jpg 212w, https:\/\/virtual-presence.net\/VPNet.2023\/wp-content\/uploads\/2023\/10\/Flyer-Dev-Hosting-2020-Francais-724x1024.jpg 724w, https:\/\/virtual-presence.net\/VPNet.2023\/wp-content\/uploads\/2023\/10\/Flyer-Dev-Hosting-2020-Francais-768x1087.jpg 768w, https:\/\/virtual-presence.net\/VPNet.2023\/wp-content\/uploads\/2023\/10\/Flyer-Dev-Hosting-2020-Francais.jpg 843w\" sizes=\"auto, (max-width: 212px) 100vw, 212px\" \/><\/a><p id=\"caption-attachment-2061\" class=\"wp-caption-text\">FR<\/p><\/div>\n<h5 style=\"text-align: center;\">D\u00e9veloppement MULTI-PLATEFORMES.<\/h5>\n<p style=\"text-align: center;\"><img loading=\"lazy\" decoding=\"async\" class=\"size-medium wp-image-377 aligncenter\" src=\"https:\/\/virtual-presence.net\/VPNet.2023\/wp-content\/uploads\/2014\/11\/responsive-2-300x152.png\" alt=\"responsive\" width=\"300\" height=\"152\" srcset=\"https:\/\/virtual-presence.net\/VPNet.2023\/wp-content\/uploads\/2014\/11\/responsive-2-300x152.png 300w, https:\/\/virtual-presence.net\/VPNet.2023\/wp-content\/uploads\/2014\/11\/responsive-2.png 380w\" sizes=\"auto, (max-width: 300px) 100vw, 300px\" \/><\/p>\n<p>&nbsp;<\/p>\n<h5 style=\"text-align: center;\">Installation et int\u00e9gration de tous types de CMS Open Source.<\/h5>\n<p style=\"text-align: center;\">(OSCommerce, AbanteCart, OpenCart, Peel, Joomla, WordPress, Drupal, Spip, etc ..)<\/p>\n<p style=\"text-align: center;\">D\u00e9veloppement et int\u00e9gration\u00a0 PHP\/MySQL \/ HTML5<\/p>\n<p><img loading=\"lazy\" decoding=\"async\" class=\"size-medium wp-image-456 aligncenter\" src=\"https:\/\/virtual-presence.net\/VPNet.2023\/wp-content\/uploads\/2014\/11\/Kit-Dev-2.png-2-300x98.png\" alt=\"Kit-Dev.png\" width=\"300\" height=\"98\" srcset=\"https:\/\/virtual-presence.net\/VPNet.2023\/wp-content\/uploads\/2014\/11\/Kit-Dev-2.png-2-300x98.png 300w, https:\/\/virtual-presence.net\/VPNet.2023\/wp-content\/uploads\/2014\/11\/Kit-Dev-2.png-2.png 664w\" sizes=\"auto, (max-width: 300px) 100vw, 300px\" \/><\/p>\n<p>&nbsp;<\/p>\n","protected":false},"excerpt":{"rendered":"<p>Bases de donn\u00e9es inter-connect\u00e9es, syst\u00e8mes mobiles, site \u00ab\u00a0Responsive\u00a0\u00bb, boutique en ligne, Cloud , etc &#8230; D\u00e9veloppement MULTI-PLATEFORMES. &nbsp; Installation et int\u00e9gration de tous types de CMS Open Source. (OSCommerce, AbanteCart, OpenCart, Peel, Joomla, WordPress, Drupal, Spip, etc ..) D\u00e9veloppement et int\u00e9gration\u00a0 PHP\/MySQL \/ HTML5 &nbsp;<\/p>\n","protected":false},"author":1,"featured_media":0,"parent":0,"menu_order":0,"comment_status":"closed","ping_status":"open","template":"","meta":{"footnotes":""},"class_list":["post-47","page","type-page","status-publish","hentry"],"jetpack_sharing_enabled":true,"_links":{"self":[{"href":"https:\/\/virtual-presence.net\/VPNet.2023\/wp-json\/wp\/v2\/pages\/47","targetHints":{"allow":["GET"]}}],"collection":[{"href":"https:\/\/virtual-presence.net\/VPNet.2023\/wp-json\/wp\/v2\/pages"}],"about":[{"href":"https:\/\/virtual-presence.net\/VPNet.2023\/wp-json\/wp\/v2\/types\/page"}],"author":[{"embeddable":true,"href":"https:\/\/virtual-presence.net\/VPNet.2023\/wp-json\/wp\/v2\/users\/1"}],"replies":[{"embeddable":true,"href":"https:\/\/virtual-presence.net\/VPNet.2023\/wp-json\/wp\/v2\/comments?post=47"}],"version-history":[{"count":55,"href":"https:\/\/virtual-presence.net\/VPNet.2023\/wp-json\/wp\/v2\/pages\/47\/revisions"}],"predecessor-version":[{"id":2065,"href":"https:\/\/virtual-presence.net\/VPNet.2023\/wp-json\/wp\/v2\/pages\/47\/revisions\/2065"}],"wp:attachment":[{"href":"https:\/\/virtual-presence.net\/VPNet.2023\/wp-json\/wp\/v2\/media?parent=47"}],"curies":[{"name":"wp","href":"https:\/\/api.w.org\/{rel}","templated":true}]}}