{"id":421,"date":"2016-01-21T04:09:07","date_gmt":"2016-01-21T02:09:07","guid":{"rendered":"http:\/\/p6412.phpnet.org\/VirtualPresenceV3\/?page_id=421"},"modified":"2023-10-11T20:36:24","modified_gmt":"2023-10-11T19:36:24","slug":"services-cloud","status":"publish","type":"page","link":"https:\/\/virtual-presence.net\/VPNet.2023\/services-cloud\/","title":{"rendered":"Clouds \/ Serveurs Virtuels"},"content":{"rendered":"<h5 style=\"text-align: center;\">Disposez de votre Cloud Personnel S\u00e9curis\u00e9.<\/h5>\n<div id=\"attachment_373\" style=\"width: 310px\" class=\"wp-caption aligncenter\"><img loading=\"lazy\" decoding=\"async\" aria-describedby=\"caption-attachment-373\" class=\"center wp-image-373 size-medium\" src=\"https:\/\/virtual-presence.net\/VPNet.2023\/wp-content\/uploads\/2016\/01\/office-365-cloud-300x168-2-300x168.jpg\" alt=\"\" width=\"300\" height=\"168\" \/><p id=\"caption-attachment-373\" class=\"wp-caption-text\">Solutions Clouds TPE\/PME<\/p><\/div>\n<p style=\"text-align: center;\"><strong>Etude et architecture de votre Cloud personnalis\u00e9.<\/strong><\/p>\n<p style=\"text-align: center;\">(Installation \/ d\u00e9ploiement \/ Support)<\/p>\n<h5 style=\"text-align: center;\">Solutions pour H\u00e9bergement de Services Cloud<\/h5>\n<h5 style=\"text-align: center;\">Architecture R\u00e9seau WAN et Installations de Serveurs Virtuels<\/h5>\n<h5 style=\"text-align: center;\"><img loading=\"lazy\" decoding=\"async\" class=\"align none size-medium wp-image-472 aligncenter\" src=\"https:\/\/virtual-presence.net\/VPNet.2023\/wp-content\/uploads\/2016\/01\/server-index-vps-91.1-2-300x185.png\" alt=\"server-index-vps-91.1\" width=\"300\" height=\"185\" srcset=\"https:\/\/virtual-presence.net\/VPNet.2023\/wp-content\/uploads\/2016\/01\/server-index-vps-91.1-2-300x185.png 300w, https:\/\/virtual-presence.net\/VPNet.2023\/wp-content\/uploads\/2016\/01\/server-index-vps-91.1-2.png 319w\" sizes=\"auto, (max-width: 300px) 100vw, 300px\" \/><\/h5>\n<h5 style=\"text-align: center;\">Serveurs Linux et d\u00e9ploiement :<\/h5>\n<h5 style=\"text-align: center;\"><a href=\"https:\/\/virtual-presence.net\/VPNet.2023\/contact\/\">Me contacter<\/a><\/h5>\n","protected":false},"excerpt":{"rendered":"<p>Disposez de votre Cloud Personnel S\u00e9curis\u00e9. Etude et architecture de votre Cloud personnalis\u00e9. (Installation \/ d\u00e9ploiement \/ Support) Solutions pour H\u00e9bergement de Services Cloud Architecture R\u00e9seau WAN et Installations de Serveurs Virtuels Serveurs Linux et d\u00e9ploiement : Me contacter<\/p>\n","protected":false},"author":1,"featured_media":0,"parent":0,"menu_order":0,"comment_status":"closed","ping_status":"closed","template":"","meta":{"footnotes":""},"class_list":["post-421","page","type-page","status-publish","hentry"],"jetpack_sharing_enabled":true,"_links":{"self":[{"href":"https:\/\/virtual-presence.net\/VPNet.2023\/wp-json\/wp\/v2\/pages\/421","targetHints":{"allow":["GET"]}}],"collection":[{"href":"https:\/\/virtual-presence.net\/VPNet.2023\/wp-json\/wp\/v2\/pages"}],"about":[{"href":"https:\/\/virtual-presence.net\/VPNet.2023\/wp-json\/wp\/v2\/types\/page"}],"author":[{"embeddable":true,"href":"https:\/\/virtual-presence.net\/VPNet.2023\/wp-json\/wp\/v2\/users\/1"}],"replies":[{"embeddable":true,"href":"https:\/\/virtual-presence.net\/VPNet.2023\/wp-json\/wp\/v2\/comments?post=421"}],"version-history":[{"count":21,"href":"https:\/\/virtual-presence.net\/VPNet.2023\/wp-json\/wp\/v2\/pages\/421\/revisions"}],"predecessor-version":[{"id":2052,"href":"https:\/\/virtual-presence.net\/VPNet.2023\/wp-json\/wp\/v2\/pages\/421\/revisions\/2052"}],"wp:attachment":[{"href":"https:\/\/virtual-presence.net\/VPNet.2023\/wp-json\/wp\/v2\/media?parent=421"}],"curies":[{"name":"wp","href":"https:\/\/api.w.org\/{rel}","templated":true}]}}