{"id":1946,"date":"2023-10-09T16:37:08","date_gmt":"2023-10-09T15:37:08","guid":{"rendered":"https:\/\/virtual-presence.net\/VPNet.2023\/?page_id=1946"},"modified":"2023-10-11T20:33:45","modified_gmt":"2023-10-11T19:33:45","slug":"analyse-systemes-et-reseaux","status":"publish","type":"page","link":"https:\/\/virtual-presence.net\/VPNet.2023\/analyse-systemes-et-reseaux\/","title":{"rendered":"Analyse Syst\u00e8mes et R\u00e9seaux"},"content":{"rendered":"<p style=\"text-align: center;\"><strong>\u00c9tudes et d\u00e9ploiements de r\u00e9seaux informatiques domestiques et professionnels.<\/strong><br \/>\n(S\u00e9curit\u00e9,\u00a0 Cloud et Multim\u00e9dias )<\/p>\n<p>Exemples de topologies professionnelles et domestiques :<\/p>\n<p><a href=\"https:\/\/virtual-presence.net\/VPNet.2023\/wp-content\/uploads\/2012\/11\/Reseau_type_PME20061-2.jpg\" target=\"_blank\" rel=\"noopener\"><img loading=\"lazy\" decoding=\"async\" class=\"aligncenter wp-image-359 size-medium\" src=\"https:\/\/virtual-presence.net\/VPNet.2023\/wp-content\/uploads\/2012\/11\/Reseau_type_PME20061-2-208x300.jpg\" alt=\"R\u00e9seaux d'entreprises\" width=\"208\" height=\"300\" srcset=\"https:\/\/virtual-presence.net\/VPNet.2023\/wp-content\/uploads\/2012\/11\/Reseau_type_PME20061-2-208x300.jpg 208w, https:\/\/virtual-presence.net\/VPNet.2023\/wp-content\/uploads\/2012\/11\/Reseau_type_PME20061-2-711x1024.jpg 711w, https:\/\/virtual-presence.net\/VPNet.2023\/wp-content\/uploads\/2012\/11\/Reseau_type_PME20061-2.jpg 745w\" sizes=\"auto, (max-width: 208px) 100vw, 208px\" \/><\/a><a href=\"https:\/\/virtual-presence.net\/VPNet.2023\/wp-content\/uploads\/2012\/11\/shemaRpi-2.png\" target=\"_blank\" rel=\"noopener\"><img loading=\"lazy\" decoding=\"async\" class=\"aligncenter wp-image-332 size-medium\" src=\"https:\/\/virtual-presence.net\/VPNet.2023\/wp-content\/uploads\/2012\/11\/shemaRpi-2-212x300.png\" alt=\"Kodi Gestionnaire Multim\u00e9dias\" width=\"212\" height=\"300\" srcset=\"https:\/\/virtual-presence.net\/VPNet.2023\/wp-content\/uploads\/2012\/11\/shemaRpi-2-212x300.png 212w, https:\/\/virtual-presence.net\/VPNet.2023\/wp-content\/uploads\/2012\/11\/shemaRpi-2-768x1086.png 768w, https:\/\/virtual-presence.net\/VPNet.2023\/wp-content\/uploads\/2012\/11\/shemaRpi-2-724x1024.png 724w, https:\/\/virtual-presence.net\/VPNet.2023\/wp-content\/uploads\/2012\/11\/shemaRpi-2.png 794w\" sizes=\"auto, (max-width: 212px) 100vw, 212px\" \/><\/a><\/p>\n<p>&nbsp;<\/p>\n","protected":false},"excerpt":{"rendered":"<p>\u00c9tudes et d\u00e9ploiements de r\u00e9seaux informatiques domestiques et professionnels. (S\u00e9curit\u00e9,\u00a0 Cloud et Multim\u00e9dias ) Exemples de topologies professionnelles et domestiques : &nbsp;<\/p>\n","protected":false},"author":1,"featured_media":0,"parent":0,"menu_order":0,"comment_status":"closed","ping_status":"closed","template":"","meta":{"footnotes":""},"class_list":["post-1946","page","type-page","status-publish","hentry"],"jetpack_sharing_enabled":true,"_links":{"self":[{"href":"https:\/\/virtual-presence.net\/VPNet.2023\/wp-json\/wp\/v2\/pages\/1946","targetHints":{"allow":["GET"]}}],"collection":[{"href":"https:\/\/virtual-presence.net\/VPNet.2023\/wp-json\/wp\/v2\/pages"}],"about":[{"href":"https:\/\/virtual-presence.net\/VPNet.2023\/wp-json\/wp\/v2\/types\/page"}],"author":[{"embeddable":true,"href":"https:\/\/virtual-presence.net\/VPNet.2023\/wp-json\/wp\/v2\/users\/1"}],"replies":[{"embeddable":true,"href":"https:\/\/virtual-presence.net\/VPNet.2023\/wp-json\/wp\/v2\/comments?post=1946"}],"version-history":[{"count":11,"href":"https:\/\/virtual-presence.net\/VPNet.2023\/wp-json\/wp\/v2\/pages\/1946\/revisions"}],"predecessor-version":[{"id":2051,"href":"https:\/\/virtual-presence.net\/VPNet.2023\/wp-json\/wp\/v2\/pages\/1946\/revisions\/2051"}],"wp:attachment":[{"href":"https:\/\/virtual-presence.net\/VPNet.2023\/wp-json\/wp\/v2\/media?parent=1946"}],"curies":[{"name":"wp","href":"https:\/\/api.w.org\/{rel}","templated":true}]}}